{"id":496,"date":"2022-10-13T23:36:48","date_gmt":"2022-10-13T23:36:48","guid":{"rendered":"https:\/\/3dproductanimation.com\/?page_id=496"},"modified":"2024-01-08T03:11:14","modified_gmt":"2024-01-08T03:11:14","slug":"why-3d","status":"publish","type":"page","link":"https:\/\/3dproductanimation.com\/de\/warum-3d","title":{"rendered":"Warum 3D?"},"content":{"rendered":"<div data-elementor-type=\"wp-page\" data-elementor-id=\"496\" class=\"elementor elementor-496\" data-elementor-post-type=\"page\">\n\t\t\t\t\t\t<section class=\"elementor-section elementor-top-section elementor-element elementor-element-f041ec2 elementor-section-full_width elementor-section-height-min-height elementor-section-stretched elementor-section-height-default elementor-section-items-middle\" data-id=\"f041ec2\" data-element_type=\"section\" data-settings=\"{&quot;stretch_section&quot;:&quot;section-stretched&quot;,&quot;background_background&quot;:&quot;classic&quot;,&quot;ekit_has_onepagescroll_dot&quot;:&quot;yes&quot;}\">\n\t\t\t\t\t\t\t<div class=\"elementor-background-overlay\"><\/div>\n\t\t\t\t\t\t\t<div class=\"elementor-container elementor-column-gap-default\">\n\t\t\t\t\t<div class=\"elementor-column elementor-col-100 elementor-top-column elementor-element elementor-element-d087fda\" data-id=\"d087fda\" data-element_type=\"column\">\n\t\t\t<div class=\"elementor-widget-wrap elementor-element-populated\">\n\t\t\t\t\t\t<div class=\"elementor-element elementor-element-425291d elementor-widget elementor-widget-heading\" data-id=\"425291d\" data-element_type=\"widget\" data-settings=\"{&quot;ekit_we_effect_on&quot;:&quot;none&quot;}\" data-widget_type=\"heading.default\">\n\t\t\t\t<div class=\"elementor-widget-container\">\n\t\t\t\t\t<h1 class=\"elementor-heading-title elementor-size-default\">WARUM 3D?<\/h1>\t\t\t\t<\/div>\n\t\t\t\t<\/div>\n\t\t\t\t\t<\/div>\n\t\t<\/div>\n\t\t\t\t\t<\/div>\n\t\t<\/section>\n\t\t\t\t<section class=\"elementor-section elementor-top-section elementor-element elementor-element-8fc79b7 elementor-section-boxed elementor-section-height-default elementor-section-height-default\" data-id=\"8fc79b7\" data-element_type=\"section\" data-settings=\"{&quot;ekit_has_onepagescroll_dot&quot;:&quot;yes&quot;}\">\n\t\t\t\t\t\t<div class=\"elementor-container elementor-column-gap-default\">\n\t\t\t\t\t<div class=\"elementor-column elementor-col-100 elementor-top-column elementor-element elementor-element-374221f\" data-id=\"374221f\" data-element_type=\"column\">\n\t\t\t<div class=\"elementor-widget-wrap elementor-element-populated\">\n\t\t\t\t\t\t<div class=\"elementor-element elementor-element-6667021 elementor-widget elementor-widget-text-editor\" data-id=\"6667021\" data-element_type=\"widget\" data-settings=\"{&quot;ekit_we_effect_on&quot;:&quot;none&quot;}\" data-widget_type=\"text-editor.default\">\n\t\t\t\t<div class=\"elementor-widget-container\">\n\t\t\t\t\t\t\t\t\t<h3>Wie 3D-Animationen den Verkauf verbessern k\u00f6nnen:<\/h3>\n<p>3D-Animationen sind die Geheimwaffe in Ihrem Content-Marketing-Arsenal. Sie erm\u00f6glicht es, Ihr Produkt auf eine Art und Weise zu pr\u00e4sentieren, die mit Text, Bildern und herk\u00f6mmlichen Videos nicht m\u00f6glich ist. Mit 3D-Animationen k\u00f6nnen Sie Informationen in leicht aufnehmbare, einpr\u00e4gsame und ansprechende Inhalte verpacken, die Ihre Kunden unterhalten und Ihren Umsatz steigern.<\/p>\n<p>Die Unmittelbarkeit unserer digitalen Welt hat zu einer h\u00f6heren Nachfrage nach pr\u00e4gnanten Inhalten gef\u00fchrt. Auch die Kunden fordern eine interessantere und ansprechendere Pr\u00e4sentation von Informationen. Da es mehr Ablenkungen, mehr Informationen und k\u00fcrzere Aufmerksamkeitsspannen als je zuvor gibt, steht jeder einzelne von Ihnen erstellte Inhalt im Wettbewerb. Deshalb ist es so wichtig, dass sich Ihre Inhalte von der Masse abheben.<\/p>\n<h5>Machen Sie online auf sich aufmerksam mit 3D-animierten Videos<\/h5>\n<p>Jeder macht Bilder, sei anders. Wenn Sie in der Lage sind, die Aufmerksamkeit Ihrer Kunden zu erregen, haben Sie schon die H\u00e4lfte der Chance, sie zu gewinnen. Videos sind eine gro\u00dfartige M\u00f6glichkeit, die Aufmerksamkeit Ihres Publikums zu erregen, und die Wahrscheinlichkeit, dass Menschen ein Video \u00fcber ein Produkt ansehen, ist viermal h\u00f6her als die, einen Artikel dar\u00fcber zu lesen. 3D-Animationen bieten eine detaillierte Visualisierung Ihres Produkts, die im Vergleich zu 2D-Animationen, Bildern oder sogar Live-Videos die Aufmerksamkeit der Menschen l\u00e4nger aufrechterhalten kann.<\/p>\n<p>Eine gro\u00dfe St\u00e4rke von 3D-animierten Videos ist, dass sie sehr visuell und auditiv sind, was sie f\u00fcr die meisten Menschen leichter zu merken macht als textbasierte Inhalte. Leistungsstarke Videos bieten Ihren Zuschauern eine schnelle und bequeme M\u00f6glichkeit, Informationen zu lernen, im Gegensatz zu gedruckten Texten, die mehr Zeit und Konzentration erfordern.<\/p>\n<p>3D-Animationen sind immer noch eine ziemlich einzigartige Technologie im Content Marketing. Dadurch kann sie mehr Besucher anziehen und die Aufmerksamkeit Ihrer Kunden wecken. Je aufmerksamkeitsst\u00e4rker Ihre Inhalte sind, desto gr\u00f6\u00dfer ist die Chance, dass Sie eine Konversion erreichen.<\/p>\n<p><h5>Verbessern Sie die UX Ihrer Besucher<\/h5>Seien wir doch mal ehrlich. Menschen hassen es, zu lesen, wenn sie es nicht m\u00fcssen. Wenn auf einer Seite sowohl Video als auch Text verf\u00fcgbar sind, w\u00fcrden 72% der Menschen lieber ein Video verwenden, um etwas \u00fcber ein Produkt oder eine Dienstleistung zu erfahren. Videoanimationen bieten einen enormen Mehrwert f\u00fcr unsere Kundenerfahrung, und eine bessere Benutzererfahrung bedeutet mehr Umsatz!<\/p>\n<p>Statistiken zeigen, dass mehr als 80% der Kunden ein Produkt kaufen, nachdem sie ein Video dazu gesehen haben. Videoinhalte werden gegen\u00fcber schriftlichen Inhalten bevorzugt, weil das menschliche Gehirn visuelle Inhalte schneller verarbeitet als Text. Produkte mit zus\u00e4tzlichen 360-Grad-Animationen auf den Produktseiten haben zu einem Anstieg der Konversionsraten um 20% auf diesen Seiten und zu einer deutlichen Verringerung der R\u00fcckgaberaten gef\u00fchrt.<\/p>\n<p><h5>Pr\u00e4sentieren Sie Ihr Produkt besser mit 3D-Animationen<\/h5>Ihre Kunden wollen mehr von Ihrem Produkt sehen. Sie wollen sich vorstellen k\u00f6nnen, wie sie es benutzen. Mit 3D-Animationen k\u00f6nnen Ihre Kunden jeden Winkel des Produkts sehen, als ob es direkt vor ihnen st\u00fcnde. Denken Sie daran, wie wir ein neues Telefon in der Hand halten oder um ein Auto herumgehen w\u00fcrden, wenn wir einen Kauf in Erw\u00e4gung ziehen.<\/p>\n<p>Mit 3D-Animationen kann Ihr Publikum einen Blick in Ihr Produkt werfen, der vorher nicht m\u00f6glich war. Es gibt Ihnen sogar die M\u00f6glichkeit, ein Produkt zu zeigen, das noch gar nicht gebaut wurde. Wir wollen mehr tun, als nur zu sehen, wie ein Produkt funktioniert. Die Verbraucher wollen es oft von innen und au\u00dfen sehen. Die Verbraucher sind es gewohnt, Produkte aus der Ferne oder durch eine menschliche Vorf\u00fchrung zu betrachten. Mit einer 3D-Animation haben sie die Kontrolle und werden nicht mehr abgelenkt.<\/p>\n<p><\/p>\n<p><h4>Wollen Sie ein schwieriges Konzept erkl\u00e4ren? Animierte Videos sind eine gro\u00dfartige M\u00f6glichkeit dazu!<\/h4>Komplexere Produkte sind nicht nur anhand eines Bildes zu erkennen. Manchmal liegt der Wert in den Details. Ein Produkt aus allen Blickwinkeln zu betrachten, mag f\u00fcr etwas funktionieren, das in die Hand passt, aber was passiert, wenn Sie ein gro\u00dfes St\u00fcck Maschine oder Ausr\u00fcstung betrachten m\u00fcssen?<\/p>\n<p>Ausstellungsr\u00e4ume sind teuer. Die Entsendung eines Verk\u00e4ufers, der eine vollst\u00e4ndige Produktvorf\u00fchrung durchf\u00fchrt, kann sehr zeitaufw\u00e4ndig sein. Die Zukunft liegt darin, den Verbraucher den Verkauf steuern zu lassen, indem man ihm die M\u00f6glichkeit gibt, das Produkt mithilfe von 3D im Detail zu erkunden. Die zufriedensten Kunden sind diejenigen, die am besten informiert sind und die am besten verstehen, was sie bekommen.<\/p>\n<p><h5>F\u00fcr den Fall, dass Bilder nicht ausreichen<\/h5>Wenn Sie ein gro\u00dfartiges Produkt haben, m\u00f6chten Sie es dann nicht der Welt von allen Seiten zeigen? Wenn die Produktdesigner ihre Arbeit richtig gemacht haben, sollte es keinen Grund geben, Ihr Produkt nicht aus allen Blickwinkeln betrachten zu k\u00f6nnen.<\/p>\n<p>Die F\u00e4higkeit, durch Winkel oder \u00fcber das M\u00f6gliche hinaus zu sehen, ist der Unterschied zwischen einem \u00fcberzeugten Kunden und einem, der im Zweifel weggeht. Wie kann man das Innenleben aller Produkte mit den Einschr\u00e4nkungen der Fotografie zeigen? Man kann es nicht. Mit 3D-Animationen k\u00f6nnen Sie es.<\/p>\n<p><h5>Hochwertige Inhalte mit 3D-Animation erstellen<\/h5>3D-Animationen sind ein \u00e4u\u00dferst effektives Mittel, um ansprechende Inhalte zu erstellen. Und die gute Nachricht ist, dass Ihr Publikum, wenn es sich angesprochen f\u00fchlt, mit gr\u00f6\u00dferer Wahrscheinlichkeit l\u00e4nger auf Ihrer Website bleibt. Ein Video auf der Landing Page Ihres Unternehmens bedeutet, dass die Besuchszeit von 8 Sekunden auf \u00fcber 2 Minuten steigen kann. Das ist ein gewaltiger Sprung! Es ist auch genug Zeit, um Ihre Botschaft an Ihr Publikum weiterzugeben.<\/p>\n<p>Je l\u00e4nger die Besucher auf Ihrer Website verweilen, desto mehr wertet Google Ihre Seite als \"hochwertigen Inhalt\", was sich positiv auf Ihr SEO auswirkt. Eine niedrigere Absprungrate bedeutet auch, dass sich Ihre Besucher l\u00e4nger mit Ihren Inhalten besch\u00e4ftigen. Sie m\u00f6chten jedem Besucher so viele Informationen wie m\u00f6glich geben, damit er eine Kaufentscheidung treffen kann.<\/p>\n<p>Videos machen aus Ihren Leads Kunden, denn die Wahrscheinlichkeit, dass Menschen ein Produkt kaufen, nachdem sie ein Video dazu gesehen haben, ist weitaus gr\u00f6\u00dfer. Laut Forbes sagen 64% der Verbraucher, dass sie sich nach dem Ansehen eines Videos sicherer f\u00fchlen, wenn sie ein Produkt online kaufen.<\/p>\n<p>3D-Animationsvideos erh\u00f6hen die Konversionsrate, weil sie es den Menschen erm\u00f6glichen, Ihr Produkt zu sehen und zu verstehen, was bedeutet, dass sie es viel eher kaufen werden. Bild und Ton erzeugen starke Emotionen, die Menschen mehr zu einer Handlung oder einem Kauf bewegen als Worte allein.<\/p>\n<p><h5>Warum ist es jetzt an der Zeit, in 3D-animierte Inhalte zu investieren?<\/h5>Der beste Weg, um zu wachsen und den Umsatz zu steigern, besteht darin, Ihre Kunden mit ansprechenden, einpr\u00e4gsamen Inhalten anzusprechen. 3D-Animationen sind eine einfache, schnelle und kosteng\u00fcnstige M\u00f6glichkeit, gro\u00dfartige Videoinhalte zu erstellen.<\/p>\n<p>3D-Animationen sind eine effiziente und kosteng\u00fcnstige M\u00f6glichkeit, ansprechende und professionell wirkende Videoinhalte zu erstellen. Erz\u00e4hlen Sie Ihre Geschichte genau so, wie Sie sie erz\u00e4hlen m\u00f6chten, ohne dass Sie sich die Zeit und die Kosten f\u00fcr das Einrichten von Szenen und den Einsatz von Schauspielern nehmen m\u00fcssen. Mit der 3D-Animation k\u00f6nnen sich 4 Schrauben in einen Holzblock eindrehen, ohne dass ein Mensch sie anziehen muss. Damit entf\u00e4llt die Ablenkung durch H\u00e4nde, die im Weg sind. Sie k\u00f6nnen dies auch gleichzeitig tun, was nur einen Bruchteil der Zeit in Anspruch nimmt, die f\u00fcr ein Video n\u00f6tig w\u00e4re.<\/p>\n<p>3D-Animationen k\u00f6nnen Konzepte zum Leben erwecken, wie es kein Text oder Live-Video kann, und sie sind f\u00fcr eine ganze Reihe von Branchen relevant, da sie zur Werbung, zur Demonstration oder zur Vereinfachung Ihres Produkts eingesetzt werden k\u00f6nnen. Sie kann Ihre Botschaft klar vermitteln und l\u00e4sst keinen Raum f\u00fcr Fehlinterpretationen.<\/p>\n<p>3D-animiertes Videomarketing ist eine der wenigen Arten von Online-Inhalten, die einen echten Mehrwert bieten, wenn es um die Erl\u00e4uterung eines Produkts geht. Die Beseitigung von Zweifeln dar\u00fcber, wie etwas funktioniert, ist eine der wenigen Barrieren zwischen Z\u00f6gern und Kauf.<\/p>\n<p><h5>H\u00e4ufige Missverst\u00e4ndnisse \u00fcber 3D-Animation<\/h5>Immer mehr Unternehmen nutzen Video- und 3D-Animationen, um ihre Ums\u00e4tze und Verk\u00e4ufe zu steigern. Aber es gibt immer noch viele Leute, die glauben, dass der Kauf von animierten Inhalten harte Arbeit ist oder zu teuer. Nun, das ist nicht immer der Fall! Hier werden einige der wichtigsten Mythen \u00fcber 3D-Animationen entlarvt.<\/p>\n<p><h4>Wahrgenommene Probleme:<\/h4>Es ist teuer<br>Die 3D-Animationsbranche entwickelt sich weiter. Es wird jetzt viel schneller und einfacher, 3D zu produzieren und daher billiger zu kaufen.<\/p>\n<p>3D-Videos sind zu schwer zu erstellen<br>3D-Animationen k\u00f6nnen nun auch von Personen ohne Erfahrung in der 3D-Branche online gekauft werden, ohne dass zeitaufw\u00e4ndige Besprechungen, Briefings und Storyboards erforderlich sind.<\/p>\n<p>Es passt nicht gut zu Ihrem Produkt<br>Manchmal kann man sich kein richtiges Bild davon machen, wie Ihr Produkt f\u00fcr den Rest der Welt aussehen w\u00fcrde, weil man oft zu nah am Projekt dran ist. Denken Sie wie Ihre Kunden. Wie k\u00f6nnten sie am einfachsten jeden Winkel Ihres Produkts sehen?<\/p>\n<p>Wege zum 3D-Kauf<\/p>\n<p>Jetzt, da Sie das \"Warum\" kennen, erfahren Sie, wie Sie 3D-Animationen kaufen k\u00f6nnen.<\/p>\n<p>Stellen Sie intern ein:<br>Viele 3D-Animatoren sind teuer, und oft ist die Einstellung eines Vollzeitmitarbeiters f\u00fcr eine einmalige Animation nicht sinnvoll.<\/p>\n<p>Engagieren Sie einen Freiberufler:<br>Es kann schwierig sein, die Qualit\u00e4t zu gew\u00e4hrleisten und die M\u00f6glichkeit zur \u00dcberarbeitung zu erhalten. Oft handelt es sich um aufstrebende K\u00fcnstler, die nicht \u00fcber die n\u00f6tigen Verfahren oder F\u00e4higkeiten verf\u00fcgen, um hochwertige Animationen zu erstellen. Suchen Sie eine Agentur oder Ressource mit einer nachgewiesenen Erfolgsbilanz.<\/p>\n<p>3DProAni:<br>Das beste Unternehmen f\u00fcr 3D-Animationsprojekte ist oft das Unternehmen mit der gr\u00f6\u00dften Erfahrung und dem g\u00fcnstigsten Preis. 3DProAni hat sich darauf spezialisiert, 3D-Animationen auf einfache Art und Weise zu erwerben. Aufgrund des Umfangs und der Erfahrung ihres Designerteams k\u00f6nnen sie 3D-Produktanimationen f\u00fcr \u00bd des Preises der meisten Unternehmen erstellen. Sie arbeiten mit kleinen und mittleren Unternehmen in einer Reihe von verschiedenen Branchen zusammen. Finden Sie mehr heraus.<\/p>\n<p>Schlussfolgerung<\/p>\n<p>Wenn es um Content Marketing geht, ist es wichtiger denn je, sich abzuheben, denn es gibt so viele Inhalte, mit denen man online konkurrieren muss. Wenn Sie wollen, dass Ihre Botschaft geh\u00f6rt wird, m\u00fcssen Sie sich abheben.<\/p>\n<p>Mit 3D-Animationen k\u00f6nnen Sie Ihr Produkt auf eine Art und Weise und aus Blickwinkeln zeigen, wie es bisher nicht m\u00f6glich war. Sie vermittelt Informationen auf pr\u00e4gnante, unterhaltsame Weise, die Ihr Publikum leicht verdauen und sich merken kann. Dadurch wird die Wahrscheinlichkeit, dass sie Ihr Produkt kaufen, deutlich erh\u00f6ht. Au\u00dferdem ist die 3D-Animation, anders als manche Leute glauben, billig und einfach zu produzieren.<\/p>\n<p>Wenn Sie noch nicht damit begonnen haben, 3D-Animationen zur Steigerung Ihres Umsatzes einzusetzen, liegt der n\u00e4chste Schritt bei Ihnen. Sie k\u00f6nnen entweder a) so weitermachen wie bisher, ohne nennenswerte Ergebnisse zu erzielen, b) einen neuen, unkonventionellen Trend als Marketingstrategie ausprobieren und riskieren, Zeit und Geld zu verlieren, c) 3D-Animation einsetzen, um es richtig zu machen.<\/p>\t\t\t\t\t\t\t\t<\/div>\n\t\t\t\t<\/div>\n\t\t\t\t\t<\/div>\n\t\t<\/div>\n\t\t\t\t\t<\/div>\n\t\t<\/section>\n\t\t\t\t<\/div>","protected":false},"excerpt":{"rendered":"<p>WHY 3D? How 3D Animation Can Improve Sales: 3D animation is the secret weapon in your content marketing arsenal. It makes it possible to demonstrate your product in ways that text, images, and traditional video just can\u2019t do. With 3D animation, you can pack information into easily absorbable, memorable, and engaging content, which will entertain [&hellip;]<\/p>\n","protected":false},"author":1,"featured_media":0,"parent":0,"menu_order":0,"comment_status":"closed","ping_status":"closed","template":"elementor_header_footer","meta":{"site-sidebar-layout":"default","site-content-layout":"","ast-site-content-layout":"","site-content-style":"default","site-sidebar-style":"default","ast-global-header-display":"","ast-banner-title-visibility":"","ast-main-header-display":"","ast-hfb-above-header-display":"","ast-hfb-below-header-display":"","ast-hfb-mobile-header-display":"","site-post-title":"","ast-breadcrumbs-content":"","ast-featured-img":"","footer-sml-layout":"","theme-transparent-header-meta":"","adv-header-id-meta":"","stick-header-meta":"","header-above-stick-meta":"","header-main-stick-meta":"","header-below-stick-meta":"","astra-migrate-meta-layouts":"default","ast-page-background-enabled":"default","ast-page-background-meta":{"desktop":{"background-color":"","background-image":"","background-repeat":"repeat","background-position":"center center","background-size":"auto","background-attachment":"scroll","background-type":"","background-media":"","overlay-type":"","overlay-color":"","overlay-opacity":"","overlay-gradient":""},"tablet":{"background-color":"","background-image":"","background-repeat":"repeat","background-position":"center center","background-size":"auto","background-attachment":"scroll","background-type":"","background-media":"","overlay-type":"","overlay-color":"","overlay-opacity":"","overlay-gradient":""},"mobile":{"background-color":"","background-image":"","background-repeat":"repeat","background-position":"center center","background-size":"auto","background-attachment":"scroll","background-type":"","background-media":"","overlay-type":"","overlay-color":"","overlay-opacity":"","overlay-gradient":""}},"ast-content-background-meta":{"desktop":{"background-color":"var(--ast-global-color-5)","background-image":"","background-repeat":"repeat","background-position":"center center","background-size":"auto","background-attachment":"scroll","background-type":"","background-media":"","overlay-type":"","overlay-color":"","overlay-opacity":"","overlay-gradient":""},"tablet":{"background-color":"var(--ast-global-color-5)","background-image":"","background-repeat":"repeat","background-position":"center center","background-size":"auto","background-attachment":"scroll","background-type":"","background-media":"","overlay-type":"","overlay-color":"","overlay-opacity":"","overlay-gradient":""},"mobile":{"background-color":"var(--ast-global-color-5)","background-image":"","background-repeat":"repeat","background-position":"center center","background-size":"auto","background-attachment":"scroll","background-type":"","background-media":"","overlay-type":"","overlay-color":"","overlay-opacity":"","overlay-gradient":""}},"footnotes":"","two_page_speed":{"previous_score":{"status":"error_no_score"},"current_score":{"status":"error_no_score"}}},"_links":{"self":[{"href":"https:\/\/3dproductanimation.com\/de\/wp-json\/wp\/v2\/pages\/496"}],"collection":[{"href":"https:\/\/3dproductanimation.com\/de\/wp-json\/wp\/v2\/pages"}],"about":[{"href":"https:\/\/3dproductanimation.com\/de\/wp-json\/wp\/v2\/types\/page"}],"author":[{"embeddable":true,"href":"https:\/\/3dproductanimation.com\/de\/wp-json\/wp\/v2\/users\/1"}],"replies":[{"embeddable":true,"href":"https:\/\/3dproductanimation.com\/de\/wp-json\/wp\/v2\/comments?post=496"}],"version-history":[{"count":9,"href":"https:\/\/3dproductanimation.com\/de\/wp-json\/wp\/v2\/pages\/496\/revisions"}],"predecessor-version":[{"id":1688,"href":"https:\/\/3dproductanimation.com\/de\/wp-json\/wp\/v2\/pages\/496\/revisions\/1688"}],"wp:attachment":[{"href":"https:\/\/3dproductanimation.com\/de\/wp-json\/wp\/v2\/media?parent=496"}],"curies":[{"name":"wp","href":"https:\/\/api.w.org\/{rel}","templated":true}]}}